{"id":594,"date":"2022-12-06T11:27:24","date_gmt":"2022-12-06T11:27:24","guid":{"rendered":"http:\/\/brainbox.dk\/?post_type=product&#038;p=594"},"modified":"2026-01-15T12:24:21","modified_gmt":"2026-01-15T12:24:21","slug":"pakketilbud-brainbox-expert-1300-laerevejledning","status":"publish","type":"product","link":"https:\/\/brainbox.dk\/index.php\/vare\/pakketilbud-brainbox-expert-1300-laerevejledning\/","title":{"rendered":"Pakketilbud  Expert 1300 + L\u00e6revejledning"},"content":{"rendered":"<p>Tilbudspakke med Brainbox Expert 1300 + L\u00e6revejledning<\/p>\n<p><strong>Brainbox Expert 1300 <\/strong><\/p>\n<p>Denne super pakke giver mulighed for over 1300 forskellige eksperimenter<\/p>\n<p>Funktioner:<\/p>\n<p>Lys: F\u00e5 en p\u00e6re eller en lys diode (LED) til at lyse op\/blinke eller falme.<br \/>\nMotor: Motoren omdanner elektrisk energi til mekanisk energi. Alt efter str\u00f8mretningen vil motoren \u00e6ndre sin rotation.<br \/>\nPropel: N\u00e5r propellen roterer i den ene retning, vil den flyve h\u00f8jt op i luften. Hvis den roterer i modsat retning, vil propellen i stedet fungere som en ventilator.<br \/>\nF\u00f8le-plader: Lys- og lyd-f\u00f8lere er blot to af de mange sp\u00e6ndende komponenter, der via bev\u00e6gelse eller ligne. kan aktivere et elektrisk kredsl\u00f8b.<br \/>\nMusik: De forskellige IC moduler, der er sm\u00e5 lydenheder, tilf\u00f8jer sjove lydeffekter til BrainBox&#8217;s univers. Lydeffekterne sp\u00e6nder lige fra politibiler til spille maskiner.<br \/>\nAM\/FM radio:Radio funktionerne AM &amp; FM er to mere specifikke IC lydenheder, der er i stand til at tilkoble sig radiob\u00f8lger fra det &#8220;virkelige liv&#8221; &#8211; find din favorit radiostation med BrainBox.<br \/>\nDigital display: Med dette instrument, kan der vises diverse tal og bogstaver p\u00e5 en lille sk\u00e6rm.<br \/>\nAmperemeteret: M\u00e5l str\u00f8mstyrken der genneml\u00f8ber kredsl\u00f8bet.<br \/>\nTransformatoren: Indg\u00e5r i kredsl\u00f8b, hvor den skal omforme sp\u00e6ndingen og intensivitetene mellem to kredsl\u00f8b eller komponenter, for derved \u00f8ge effekten af operationerne.<\/p>\n<p>Velegnet til b\u00f8rn i aldersgruppen 7+ \u00e5r.<\/p>\n<p>Der er vedlagt en vejledning i pakken.<\/p>\n<p><strong>Man b\u00f8r k\u00f8be en ekstra byggeplade, hvis det er mere end en bruger.<\/strong><\/p>\n","protected":false},"excerpt":{"rendered":"<p>Tilbudspakke med Brainbox Expert 1300 + L\u00e6revejledning Brainbox Expert 1300 Denne super pakke giver mulighed for over 1300 forskellige eksperimenter Funktioner: Lys: F\u00e5 en p\u00e6re eller en lys diode (LED) til at lyse op\/blinke eller falme. Motor: Motoren omdanner elektrisk energi til mekanisk energi. Alt efter str\u00f8mretningen vil motoren \u00e6ndre sin rotation. Propel: N\u00e5r propellen [&hellip;]<\/p>\n","protected":false},"featured_media":595,"template":"","meta":[],"product_brand":[],"product_cat":[21,61],"product_tag":[27],"class_list":{"0":"post-594","1":"product","2":"type-product","3":"status-publish","4":"has-post-thumbnail","6":"product_cat-multisaet","7":"product_cat-tilbud","8":"product_tag-brainbox","10":"first","11":"instock","12":"sale","13":"taxable","14":"shipping-taxable","15":"purchasable","16":"product-type-simple"},"aioseo_notices":[],"_links":{"self":[{"href":"https:\/\/brainbox.dk\/index.php\/wp-json\/wp\/v2\/product\/594","targetHints":{"allow":["GET"]}}],"collection":[{"href":"https:\/\/brainbox.dk\/index.php\/wp-json\/wp\/v2\/product"}],"about":[{"href":"https:\/\/brainbox.dk\/index.php\/wp-json\/wp\/v2\/types\/product"}],"wp:featuredmedia":[{"embeddable":true,"href":"https:\/\/brainbox.dk\/index.php\/wp-json\/wp\/v2\/media\/595"}],"wp:attachment":[{"href":"https:\/\/brainbox.dk\/index.php\/wp-json\/wp\/v2\/media?parent=594"}],"wp:term":[{"taxonomy":"product_brand","embeddable":true,"href":"https:\/\/brainbox.dk\/index.php\/wp-json\/wp\/v2\/product_brand?post=594"},{"taxonomy":"product_cat","embeddable":true,"href":"https:\/\/brainbox.dk\/index.php\/wp-json\/wp\/v2\/product_cat?post=594"},{"taxonomy":"product_tag","embeddable":true,"href":"https:\/\/brainbox.dk\/index.php\/wp-json\/wp\/v2\/product_tag?post=594"}],"curies":[{"name":"wp","href":"https:\/\/api.w.org\/{rel}","templated":true}]}}